{"id":4929,"date":"2026-02-10T17:02:27","date_gmt":"2026-02-10T15:02:27","guid":{"rendered":"http:\/\/www.cynoform.fr\/?page_id=4929"},"modified":"2026-02-10T18:32:39","modified_gmt":"2026-02-10T16:32:39","slug":"formations-non-diplomantes","status":"publish","type":"page","link":"http:\/\/www.cynoform.fr\/?page_id=4929","title":{"rendered":"Formations non dipl\u00f4mantes"},"content":{"rendered":"<div data-colibri-id=\"4929-c1\" class=\"style-1121 style-local-4929-c1 position-relative\">\n  <!---->\n  <div data-colibri-component=\"section\" data-colibri-id=\"4929-c2\" id=\"custom\" class=\"h-section h-section-global-spacing d-flex align-items-lg-center align-items-md-center align-items-center style-1122 style-local-4929-c2 position-relative\">\n    <!---->\n    <!---->\n    <div class=\"h-section-grid-container h-section-boxed-container\">\n      <!---->\n      <div data-colibri-id=\"4929-c3\" class=\"h-row-container gutters-row-lg-2 gutters-row-md-2 gutters-row-0 gutters-row-v-lg-2 gutters-row-v-md-2 gutters-row-v-2 style-1123 style-local-4929-c3 position-relative\">\n        <!---->\n        <div class=\"h-row justify-content-lg-center justify-content-md-center justify-content-center align-items-lg-stretch align-items-md-stretch align-items-stretch gutters-col-lg-2 gutters-col-md-2 gutters-col-0 gutters-col-v-lg-2 gutters-col-v-md-2 gutters-col-v-2\">\n          <!---->\n          <div class=\"h-column h-column-container d-flex h-col-lg-auto h-col-md-auto h-col-auto style-1124-outer style-local-4929-c4-outer\">\n            <div data-colibri-id=\"4929-c4\" class=\"d-flex h-flex-basis h-column__inner h-px-lg-2 h-px-md-2 h-px-2 v-inner-lg-2 v-inner-md-2 v-inner-2 style-1124 style-local-4929-c4 position-relative\">\n              <!---->\n              <!---->\n              <div class=\"w-100 h-y-container h-column__content h-column__v-align flex-basis-100 align-self-lg-start align-self-md-start align-self-start\">\n                <!---->\n                <div data-colibri-id=\"4929-c5\" class=\"h-global-transition-all h-heading style-1125 style-local-4929-c5 position-relative h-element\">\n                  <!---->\n                  <div class=\"h-heading__outer style-1125 style-local-4929-c5\">\n                    <!---->\n                    <!---->\n                    <h1 class=\"\">Formations non dipl\u00f4mantes<\/h1>\n                  <\/div>\n                <\/div>\n              <\/div>\n            <\/div>\n          <\/div>\n        <\/div>\n      <\/div>\n    <\/div>\n  <\/div>\n  <div data-colibri-component=\"section\" data-colibri-id=\"4929-c6\" id=\"custom-2\" class=\"h-section h-section-global-spacing d-flex align-items-lg-center align-items-md-center align-items-center style-1126 style-local-4929-c6 position-relative\">\n    <!---->\n    <!---->\n    <div class=\"h-section-grid-container h-section-boxed-container\">\n      <!---->\n      <div data-colibri-id=\"4929-c7\" class=\"h-row-container gutters-row-lg-2 gutters-row-md-2 gutters-row-0 gutters-row-v-lg-2 gutters-row-v-md-2 gutters-row-v-2 style-1127 style-local-4929-c7 position-relative\">\n        <!---->\n        <div class=\"h-row justify-content-lg-center justify-content-md-center justify-content-center align-items-lg-stretch align-items-md-stretch align-items-stretch gutters-col-lg-2 gutters-col-md-2 gutters-col-0 gutters-col-v-lg-2 gutters-col-v-md-2 gutters-col-v-2\">\n          <!---->\n          <div class=\"h-column h-column-container d-flex h-col-lg-auto h-col-md-auto h-col-auto style-1128-outer style-local-4929-c8-outer\">\n            <div data-colibri-id=\"4929-c8\" class=\"d-flex h-flex-basis h-column__inner h-px-lg-2 h-px-md-2 h-px-2 v-inner-lg-2 v-inner-md-2 v-inner-2 style-1128 style-local-4929-c8 position-relative\">\n              <!---->\n              <!---->\n              <div class=\"w-100 h-y-container h-column__content h-column__v-align flex-basis-100 align-self-lg-start align-self-md-start align-self-start\">\n                <!---->\n                <div data-colibri-id=\"4929-c9\" class=\"icon-list d-flex justify-content-lg-center justify-content-md-center justify-content-center style-1129 style-local-4929-c9 position-relative h-element\">\n                  <!---->\n                  <ul class=\"ul-list-icon vertical-on-desktop vertical-on-tablet vertical-on-mobile justify-content-lg-center justify-content-md-center justify-content-center\">\n                    <!---->\n                    <li class=\"list-item no-gutters\">\n                      <!---->\n                      <div class=\"list-container-divider d-flex justify-content-lg-center justify-content-md-center justify-content-center first-el-spacer\"><\/div>\n                      <a href=\"http:\/\/www.cynoform.fr\/?page_id=45\" h-use-smooth-scroll=\"true\" class=\"item-link no-gutters\">\n                        <div class=\"d-flex h-col no-gutters align-items-lg-center align-items-md-center align-items-center list-item-text-wrapper\">\n                          <div class=\"d-flex\"><span class=\"h-svg-icon style-1129-icon style-local-4929-c9-icon\"><!--Icon by Font Awesome (https:\/\/fontawesome.com)-->\n    <svg version=\"1.1\" xmlns=\"http:\/\/www.w3.org\/2000\/svg\" xmlns:xlink=\"http:\/\/www.w3.org\/1999\/xlink\" id=\"paw\" viewBox=\"0 0 1664 1896.0833\">\n      <path d=\"M780 472q0 60-19 113.5T698 678t-105 39q-76 0-138-57.5T363 524t-30-151q0-60 19-113.5t63-92.5 105-39q77 0 138.5 57.5t91.5 135T780 472zM438 955q0 80-42 139t-119 59q-76 0-141.5-55.5T35 964 0 812q0-80 42-139.5T161 613q76 0 141.5 55.5t100.5 134T438 955zm394-27q118 0 255 97.5t229 237 92 254.5q0 46-17 76.5t-48.5 45-64.5 20-76 5.5q-68 0-187.5-45T832 1574q-66 0-192.5 44.5T439 1663q-183 0-183-146 0-86 56-191.5T451.5 1133 639 987t193-59zm239-211q-61 0-105-39t-63-92.5T884 472q0-74 30-151.5t91.5-135T1144 128q61 0 105 39t63 92.5 19 113.5q0 73-30 151t-92 135.5-138 57.5zm432-104q77 0 119 59.5t42 139.5q0 74-35 152t-100.5 133.5T1387 1153q-77 0-119-59t-42-139q0-74 35-152.5t100.5-134T1503 613z\"><\/path>\n    <\/svg><\/span><\/div> <span class=\"list-text d-block\"><span>Formation d\u2019\u00e9quipe cyno d\u00e9tection de punaises de lit, m\u00e9rule, papillons, tortues, substances allergisantes\u2026. Pour les priv\u00e9s, cavage (truffe) et maintien de l\u2019op\u00e9rationnalit\u00e9.<br><\/span><\/span>\n                        <\/div>\n                      <\/a>\n                      <div class=\"list-container-divider d-flex justify-content-lg-center justify-content-md-center justify-content-center\">\n                        <!---->\n                      <\/div>\n                    <\/li>\n                    <li class=\"list-item no-gutters\">\n                      <!---->\n                      <!---->\n                      <a href=\"http:\/\/www.cynoform.fr\/?page_id=4900\" h-use-smooth-scroll=\"true\" class=\"item-link no-gutters\">\n                        <div class=\"d-flex h-col no-gutters align-items-lg-center align-items-md-center align-items-center list-item-text-wrapper\">\n                          <div class=\"d-flex\"><span class=\"h-svg-icon style-1129-icon style-local-4929-c9-icon\"><!--Icon by Font Awesome (https:\/\/fontawesome.com)-->\n    <svg version=\"1.1\" xmlns=\"http:\/\/www.w3.org\/2000\/svg\" xmlns:xlink=\"http:\/\/www.w3.org\/1999\/xlink\" id=\"paw\" viewBox=\"0 0 1664 1896.0833\">\n      <path d=\"M780 472q0 60-19 113.5T698 678t-105 39q-76 0-138-57.5T363 524t-30-151q0-60 19-113.5t63-92.5 105-39q77 0 138.5 57.5t91.5 135T780 472zM438 955q0 80-42 139t-119 59q-76 0-141.5-55.5T35 964 0 812q0-80 42-139.5T161 613q76 0 141.5 55.5t100.5 134T438 955zm394-27q118 0 255 97.5t229 237 92 254.5q0 46-17 76.5t-48.5 45-64.5 20-76 5.5q-68 0-187.5-45T832 1574q-66 0-192.5 44.5T439 1663q-183 0-183-146 0-86 56-191.5T451.5 1133 639 987t193-59zm239-211q-61 0-105-39t-63-92.5T884 472q0-74 30-151.5t91.5-135T1144 128q61 0 105 39t63 92.5 19 113.5q0 73-30 151t-92 135.5-138 57.5zm432-104q77 0 119 59.5t42 139.5q0 74-35 152t-100.5 133.5T1387 1153q-77 0-119-59t-42-139q0-74 35-152.5t100.5-134T1503 613z\"><\/path>\n    <\/svg><\/span><\/div> <span class=\"list-text d-block\"><span>Secourisme canin<\/span><\/span>\n                        <\/div>\n                      <\/a>\n                      <div class=\"list-container-divider d-flex justify-content-lg-center justify-content-md-center justify-content-center\" style=\"display: none;\">\n                        <!---->\n                      <\/div>\n                      <div class=\"list-container-divider d-flex justify-content-lg-center justify-content-md-center justify-content-center last-el-spacer\"><\/div>\n                    <\/li>\n                  <\/ul>\n                <\/div>\n              <\/div>\n            <\/div>\n          <\/div>\n        <\/div>\n      <\/div>\n    <\/div>\n  <\/div>\n<\/div>","protected":false},"excerpt":{"rendered":"<p>Formations non dipl\u00f4mantes Formation d\u2019\u00e9quipe cyno d\u00e9tection de punaises de lit, m\u00e9rule, papillons, tortues, substances allergisantes\u2026. Pour les priv\u00e9s, cavage (truffe) et maintien de l\u2019op\u00e9rationnalit\u00e9. Secourisme canin<\/p>\n","protected":false},"author":1,"featured_media":0,"parent":0,"menu_order":0,"comment_status":"closed","ping_status":"closed","template":"page-templates\/full-width-page.php","meta":{"_crdt_document":"","ngg_post_thumbnail":0,"footnotes":""},"class_list":["post-4929","page","type-page","status-publish","hentry"],"_links":{"self":[{"href":"http:\/\/www.cynoform.fr\/index.php?rest_route=\/wp\/v2\/pages\/4929","targetHints":{"allow":["GET"]}}],"collection":[{"href":"http:\/\/www.cynoform.fr\/index.php?rest_route=\/wp\/v2\/pages"}],"about":[{"href":"http:\/\/www.cynoform.fr\/index.php?rest_route=\/wp\/v2\/types\/page"}],"author":[{"embeddable":true,"href":"http:\/\/www.cynoform.fr\/index.php?rest_route=\/wp\/v2\/users\/1"}],"replies":[{"embeddable":true,"href":"http:\/\/www.cynoform.fr\/index.php?rest_route=%2Fwp%2Fv2%2Fcomments&post=4929"}],"version-history":[{"count":6,"href":"http:\/\/www.cynoform.fr\/index.php?rest_route=\/wp\/v2\/pages\/4929\/revisions"}],"predecessor-version":[{"id":5136,"href":"http:\/\/www.cynoform.fr\/index.php?rest_route=\/wp\/v2\/pages\/4929\/revisions\/5136"}],"wp:attachment":[{"href":"http:\/\/www.cynoform.fr\/index.php?rest_route=%2Fwp%2Fv2%2Fmedia&parent=4929"}],"curies":[{"name":"wp","href":"https:\/\/api.w.org\/{rel}","templated":true}]}}