{"id":5268,"date":"2026-02-24T17:51:38","date_gmt":"2026-02-24T15:51:38","guid":{"rendered":"http:\/\/www.cynoform.fr\/?page_id=5268"},"modified":"2026-04-09T14:15:34","modified_gmt":"2026-04-09T12:15:34","slug":"accessibilite-handicap","status":"publish","type":"page","link":"http:\/\/www.cynoform.fr\/?page_id=5268","title":{"rendered":"Accessibilit\u00e9 handicap"},"content":{"rendered":"<div data-colibri-id=\"5268-c1\" class=\"style-1156 style-local-5268-c1 position-relative\">\r\n  <!---->\r\n  <div data-colibri-component=\"section\" data-colibri-id=\"5268-c2\" id=\"custom\" class=\"h-section h-section-global-spacing d-flex align-items-lg-center align-items-md-center align-items-center style-1157 style-local-5268-c2 position-relative\">\r\n    <!---->\r\n    <!---->\r\n    <div class=\"h-section-grid-container h-section-boxed-container\">\r\n      <!---->\r\n      <div data-colibri-id=\"5268-c3\" class=\"h-row-container gutters-row-lg-2 gutters-row-md-2 gutters-row-0 gutters-row-v-lg-2 gutters-row-v-md-2 gutters-row-v-2 style-1158 style-local-5268-c3 position-relative\">\r\n        <!---->\r\n        <div class=\"h-row justify-content-lg-center justify-content-md-center justify-content-center align-items-lg-stretch align-items-md-stretch align-items-stretch gutters-col-lg-2 gutters-col-md-2 gutters-col-0 gutters-col-v-lg-2 gutters-col-v-md-2 gutters-col-v-2\">\r\n          <!---->\r\n          <div class=\"h-column h-column-container d-flex h-col-lg-auto h-col-md-auto h-col-auto style-1159-outer style-local-5268-c4-outer\">\r\n            <div data-colibri-id=\"5268-c4\" class=\"d-flex h-flex-basis h-column__inner h-px-lg-2 h-px-md-2 h-px-2 v-inner-lg-2 v-inner-md-2 v-inner-2 style-1159 style-local-5268-c4 position-relative\">\r\n              <!---->\r\n              <!---->\r\n              <div class=\"w-100 h-y-container h-column__content h-column__v-align flex-basis-100 align-self-lg-start align-self-md-start align-self-start\">\r\n                <!---->\r\n                <div data-colibri-id=\"5268-c5\" class=\"h-global-transition-all h-heading style-1160 style-local-5268-c5 position-relative h-element\">\r\n                  <!---->\r\n                  <div class=\"h-heading__outer style-1160 style-local-5268-c5\">\r\n                    <!---->\r\n                    <!---->\r\n                    <h1 class=\"\">Accessibilit\u00e9 handicap<\/h1>\r\n                  <\/div>\r\n                <\/div>\r\n              <\/div>\r\n            <\/div>\r\n          <\/div>\r\n        <\/div>\r\n      <\/div>\r\n    <\/div>\r\n  <\/div>\r\n  <div data-colibri-component=\"section\" data-colibri-id=\"5268-c6\" id=\"custom-2\" class=\"h-section h-section-global-spacing d-flex align-items-lg-center align-items-md-center align-items-center style-1161 style-local-5268-c6 position-relative\">\r\n    <!---->\r\n    <!---->\r\n    <div class=\"h-section-grid-container h-section-boxed-container\">\r\n      <!---->\r\n      <div data-colibri-id=\"5268-c7\" class=\"h-row-container gutters-row-lg-2 gutters-row-md-2 gutters-row-0 gutters-row-v-lg-2 gutters-row-v-md-2 gutters-row-v-2 style-1162 style-local-5268-c7 position-relative\">\r\n        <!---->\r\n        <div class=\"h-row justify-content-lg-center justify-content-md-center justify-content-center align-items-lg-stretch align-items-md-stretch align-items-stretch gutters-col-lg-2 gutters-col-md-2 gutters-col-0 gutters-col-v-lg-2 gutters-col-v-md-2 gutters-col-v-2\">\r\n          <!---->\r\n          <div class=\"h-column h-column-container d-flex h-col-lg-auto h-col-md-auto h-col-auto style-1163-outer style-local-5268-c8-outer\">\r\n            <div data-colibri-id=\"5268-c8\" class=\"d-flex h-flex-basis h-column__inner h-px-lg-2 h-px-md-2 h-px-2 v-inner-lg-2 v-inner-md-2 v-inner-2 style-1163 style-local-5268-c8 position-relative\">\r\n              <!---->\r\n              <!---->\r\n              <div class=\"w-100 h-y-container h-column__content h-column__v-align flex-basis-100 align-self-lg-start align-self-md-start align-self-start\">\r\n                <!---->\r\n                <div data-colibri-id=\"5268-c9\" class=\"h-text h-text-component style-1174 style-local-5268-c9 position-relative h-element\">\r\n                  <!---->\r\n                  <!---->\r\n                  <div class=\"\">\r\n                    <p>Longtemps rest\u00e9e en marge des pr\u00e9occupations du secteur, la question du handicap dans la s\u00e9curit\u00e9 priv\u00e9e s\u2019impose aujourd\u2019hui comme un v\u00e9ritable enjeu d\u2019inclusion sociale, de responsabilit\u00e9 et de performance. Dans un m\u00e9tier souvent\r\n                      associ\u00e9 \u00e0 des contraintes physiques ou \u00e0 des exigences r\u00e9glementaires strictes, peut-on vraiment imaginer une int\u00e9gration r\u00e9ussie des personnes en situation de handicap ?<\/p>\r\n                    <p>La r\u00e9ponse est oui \u2013 \u00e0 condition de changer de regard, d\u2019adapter les pratiques et d\u2019investir dans un accompagnement adapt\u00e9. Si l\u2019acc\u00e8s \u00e0 certains postes reste conditionn\u00e9 \u00e0 des capacit\u00e9s pr\u00e9cises, d\u2019autres missions peuvent parfaitement\r\n                      convenir \u00e0 des profils en situation de handicap. Dans un contexte de p\u00e9nurie de main-d\u2019\u0153uvre et de qu\u00eate de sens au travail, c\u2019est une piste d\u2019avenir que le secteur de la s\u00e9curit\u00e9 priv\u00e9e ne peut plus ignorer.<\/p>\r\n                  <\/div>\r\n                <\/div>\r\n              <\/div>\r\n            <\/div>\r\n          <\/div>\r\n        <\/div>\r\n      <\/div>\r\n      <div data-colibri-id=\"5268-c10\" class=\"h-row-container gutters-row-lg-2 gutters-row-md-2 gutters-row-0 gutters-row-v-lg-2 gutters-row-v-md-2 gutters-row-v-2 style-1172 style-local-5268-c10 position-relative\">\r\n        <!---->\r\n        <div class=\"h-row justify-content-lg-center justify-content-md-center justify-content-center align-items-lg-stretch align-items-md-stretch align-items-stretch gutters-col-lg-2 gutters-col-md-2 gutters-col-0 gutters-col-v-lg-2 gutters-col-v-md-2 gutters-col-v-2\">\r\n          <!---->\r\n          <div class=\"h-column h-column-container d-flex h-col-lg-auto h-col-md-auto h-col-auto style-1173-outer style-local-5268-c11-outer\">\r\n            <div data-colibri-id=\"5268-c11\" class=\"d-flex h-flex-basis h-column__inner h-px-lg-2 h-px-md-2 h-px-2 v-inner-lg-2 v-inner-md-2 v-inner-2 style-1173 style-local-5268-c11 position-relative\">\r\n              <!---->\r\n              <!---->\r\n              <div class=\"w-100 h-y-container h-column__content h-column__v-align flex-basis-100 align-self-lg-start align-self-md-start align-self-start\">\r\n                <!---->\r\n                <div data-colibri-id=\"5268-c12\" class=\"h-text h-text-component style-1164 style-local-5268-c12 position-relative h-element\">\r\n                  <!---->\r\n                  <!---->\r\n                  <div class=\"\">\r\n                    <p>Il est essentiel de rappeler que le handicap n\u2019est pas syst\u00e9matiquement visible ni invalidant. Les troubles auditifs, cognitifs, psychiques ou encore les limitations motrices l\u00e9g\u00e8res peuvent \u00eatre compatibles avec les m\u00e9tiers de la\r\n                      s\u00e9curit\u00e9, d\u00e8s lors que le poste est bien cibl\u00e9 et les outils de travail adapt\u00e9s.<\/p>\r\n                    <p>Par exemple, un agent en poste fixe dans un hall d\u2019immeuble, un op\u00e9rateur de vid\u00e9osurveillance, ou encore un agent affect\u00e9 au contr\u00f4le d\u2019acc\u00e8s sur un site peu fr\u00e9quent\u00e9 n\u2019a pas n\u00e9cessairement besoin d\u2019une pleine capacit\u00e9 physique.\r\n                      Dans ces contextes, la vigilance, la ponctualit\u00e9, le calme et le sens du contact priment sur l\u2019endurance physique ou la capacit\u00e9 d\u2019intervention.<\/p>\r\n                    <p>De plus, de nombreuses personnes en situation de handicap font preuve d\u2019un haut niveau de professionnalisme, de motivation forte \u00e0 int\u00e9grer durablement le march\u00e9 du travail, et d\u2019une capacit\u00e9 \u00e0 s\u2019adapter \u00e0 des environnements exigeants\r\n                      \u2013 des qualit\u00e9s particuli\u00e8rement recherch\u00e9es dans la s\u00e9curit\u00e9 priv\u00e9e.<\/p>\r\n                  <\/div>\r\n                <\/div>\r\n              <\/div>\r\n            <\/div>\r\n          <\/div>\r\n        <\/div>\r\n      <\/div>\r\n    <\/div>\r\n  <\/div>\r\n  <div data-colibri-component=\"section\" data-colibri-id=\"5268-c13\" id=\"custom-3\" class=\"h-section h-section-global-spacing d-flex align-items-lg-center align-items-md-center align-items-center style-1165 style-local-5268-c13 position-relative\">\r\n    <!---->\r\n    <!---->\r\n    <div class=\"h-section-grid-container h-section-boxed-container\">\r\n      <!---->\r\n      <div data-colibri-id=\"5268-c14\" class=\"h-row-container gutters-row-lg-2 gutters-row-md-2 gutters-row-0 gutters-row-v-lg-2 gutters-row-v-md-2 gutters-row-v-2 style-1166 style-local-5268-c14 position-relative\">\r\n        <!---->\r\n        <div class=\"h-row justify-content-lg-center justify-content-md-center justify-content-center align-items-lg-stretch align-items-md-stretch align-items-stretch gutters-col-lg-2 gutters-col-md-2 gutters-col-0 gutters-col-v-lg-2 gutters-col-v-md-2 gutters-col-v-2\">\r\n          <!---->\r\n          <div class=\"h-column h-column-container d-flex h-col-lg-auto h-col-md-auto h-col-auto style-1167-outer style-local-5268-c15-outer\">\r\n            <div data-colibri-id=\"5268-c15\" class=\"d-flex h-flex-basis h-column__inner h-px-lg-2 h-px-md-2 h-px-2 v-inner-lg-2 v-inner-md-2 v-inner-2 style-1167 style-local-5268-c15 position-relative\">\r\n              <!---->\r\n              <!---->\r\n              <div class=\"w-100 h-y-container h-column__content h-column__v-align flex-basis-100 align-self-lg-start align-self-md-start align-self-start\">\r\n                <!---->\r\n                <div data-colibri-id=\"5268-c21\" class=\"h-global-transition-all h-heading style-1302 style-local-5268-c21 position-relative h-element\">\r\n                  <!---->\r\n                  <div class=\"h-heading__outer style-1302 style-local-5268-c21\">\r\n                    <!---->\r\n                    <!---->\r\n                    <h3 class=\"\">Un accompagnement sur mesure est possible<\/h3>\r\n                  <\/div>\r\n                <\/div>\r\n                <div data-colibri-id=\"5268-c16\" class=\"h-text h-text-component style-1171 style-local-5268-c16 position-relative h-element\">\r\n                  <!---->\r\n                  <!---->\r\n                  <div class=\"\">\r\n                    <p>Int\u00e9grer une personne en situation de handicap ne signifie pas forc\u00e9ment bouleverser toute l\u2019organisation. Des dispositifs existent pour accompagner l\u2019entreprise, s\u00e9curiser le parcours du salari\u00e9 et am\u00e9nager le poste si n\u00e9cessaire.<\/p>\r\n                    <p>Les organismes de formation jouent \u00e9galement un r\u00f4le essentiel. Notre centre d\u00e9veloppe des parcours adapt\u00e9s, avec des temps d\u2019apprentissage allong\u00e9s, des formateurs sensibilis\u00e9s \u00e0 la question du handicap, et un suivi renforc\u00e9 tout\r\n                      au long du parcours. Nos formations permettent \u00e0 des personnes en situation de handicap d\u2019obtenir les certifications n\u00e9cessaires pour exercer l\u00e9galement dans la s\u00e9curit\u00e9 priv\u00e9e, comme le TFP APS, avec des am\u00e9nagements d\u2019examen si\r\n                      besoin.<\/p>\r\n                  <\/div>\r\n                <\/div>\r\n              <\/div>\r\n            <\/div>\r\n          <\/div>\r\n        <\/div>\r\n      <\/div>\r\n      <div data-colibri-id=\"5268-c17\" class=\"h-row-container gutters-row-lg-2 gutters-row-md-2 gutters-row-0 gutters-row-v-lg-2 gutters-row-v-md-2 gutters-row-v-2 style-1179 style-local-5268-c17 position-relative\">\r\n        <!---->\r\n        <div class=\"h-row justify-content-lg-center justify-content-md-center justify-content-center align-items-lg-stretch align-items-md-stretch align-items-stretch gutters-col-lg-2 gutters-col-md-2 gutters-col-0 gutters-col-v-lg-2 gutters-col-v-md-2 gutters-col-v-2\">\r\n          <!---->\r\n          <div class=\"h-column h-column-container d-flex h-col-lg-auto h-col-md-auto h-col-auto style-1180-outer style-local-5268-c18-outer\">\r\n            <div data-colibri-id=\"5268-c18\" class=\"d-flex h-flex-basis h-column__inner h-px-lg-2 h-px-md-2 h-px-2 v-inner-lg-2 v-inner-md-2 v-inner-2 style-1180 style-local-5268-c18 position-relative\">\r\n              <!---->\r\n              <!---->\r\n              <div class=\"w-100 h-y-container h-column__content h-column__v-align flex-basis-100 align-self-lg-start align-self-md-start align-self-start\">\r\n                <!---->\r\n                <div data-colibri-id=\"5268-c19\" class=\"h-x-container style-1181 style-local-5268-c19 position-relative h-element\">\r\n                  <!---->\r\n                  <div class=\"h-x-container-inner style-dynamic-5268-c19-group style-1181-spacing style-local-5268-c19-spacing\"><span class=\"h-button__outer style-1182-outer style-local-5268-c20-outer d-inline-flex h-element\"><a h-use-smooth-scroll=\"true\" href=\"http:\/\/www.cynoform.fr\/?page_id=69\"  data-colibri-id=\"5268-c20\" class=\"d-flex w-100 align-items-center h-button justify-content-lg-center justify-content-md-center justify-content-center style-1182 style-local-5268-c20 position-relative\"><!----><!----> <span>Contactez-nous<\/span><\/a>\r\n                    <\/span>\r\n                  <\/div>\r\n                <\/div>\r\n              <\/div>\r\n            <\/div>\r\n          <\/div>\r\n        <\/div>\r\n      <\/div>\r\n    <\/div>\r\n  <\/div>\r\n<\/div>","protected":false},"excerpt":{"rendered":"<p>Accessibilit\u00e9 handicap Longtemps rest\u00e9e en marge des pr\u00e9occupations du secteur, la question du handicap dans la s\u00e9curit\u00e9 priv\u00e9e s\u2019impose aujourd\u2019hui comme un v\u00e9ritable enjeu d\u2019inclusion sociale, de responsabilit\u00e9 et de performance. Dans un m\u00e9tier souvent associ\u00e9 \u00e0 des contraintes physiques ou \u00e0 des exigences r\u00e9glementaires strictes, peut-on vraiment imaginer une int\u00e9gration r\u00e9ussie des personnes en [&hellip;]<\/p>\n","protected":false},"author":1,"featured_media":0,"parent":0,"menu_order":0,"comment_status":"closed","ping_status":"closed","template":"page-templates\/full-width-page.php","meta":{"_crdt_document":"","ngg_post_thumbnail":0,"footnotes":""},"class_list":["post-5268","page","type-page","status-publish","hentry"],"_links":{"self":[{"href":"http:\/\/www.cynoform.fr\/index.php?rest_route=\/wp\/v2\/pages\/5268","targetHints":{"allow":["GET"]}}],"collection":[{"href":"http:\/\/www.cynoform.fr\/index.php?rest_route=\/wp\/v2\/pages"}],"about":[{"href":"http:\/\/www.cynoform.fr\/index.php?rest_route=\/wp\/v2\/types\/page"}],"author":[{"embeddable":true,"href":"http:\/\/www.cynoform.fr\/index.php?rest_route=\/wp\/v2\/users\/1"}],"replies":[{"embeddable":true,"href":"http:\/\/www.cynoform.fr\/index.php?rest_route=%2Fwp%2Fv2%2Fcomments&post=5268"}],"version-history":[{"count":8,"href":"http:\/\/www.cynoform.fr\/index.php?rest_route=\/wp\/v2\/pages\/5268\/revisions"}],"predecessor-version":[{"id":5904,"href":"http:\/\/www.cynoform.fr\/index.php?rest_route=\/wp\/v2\/pages\/5268\/revisions\/5904"}],"wp:attachment":[{"href":"http:\/\/www.cynoform.fr\/index.php?rest_route=%2Fwp%2Fv2%2Fmedia&parent=5268"}],"curies":[{"name":"wp","href":"https:\/\/api.w.org\/{rel}","templated":true}]}}