{"id":645,"date":"2020-04-24T17:35:52","date_gmt":"2020-04-24T15:35:52","guid":{"rendered":"http:\/\/www.cynoform.fr\/?page_id=645"},"modified":"2026-04-09T14:10:28","modified_gmt":"2026-04-09T12:10:28","slug":"colibri-wp","status":"publish","type":"page","link":"http:\/\/www.cynoform.fr\/","title":{"rendered":"Front Page"},"content":{"rendered":"<div data-colibri-id=\"645-c1\" class=\"style-312 style-local-645-c1 position-relative\">\n  <!---->\n  <div data-colibri-component=\"section\" data-colibri-id=\"645-c2\" id=\"custom\" class=\"h-section h-section-global-spacing d-flex align-items-lg-center align-items-md-center align-items-center style-657 style-local-645-c2 position-relative\">\n    <!---->\n    <!---->\n    <div class=\"h-section-grid-container h-section-boxed-container\">\n      <!---->\n      <div data-colibri-id=\"645-c3\" class=\"h-row-container gutters-row-lg-2 gutters-row-md-2 gutters-row-0 gutters-row-v-lg-2 gutters-row-v-md-2 gutters-row-v-2 style-658 style-local-645-c3 position-relative\">\n        <!---->\n        <div class=\"h-row justify-content-lg-center justify-content-md-center justify-content-center align-items-lg-stretch align-items-md-stretch align-items-stretch gutters-col-lg-2 gutters-col-md-2 gutters-col-0 gutters-col-v-lg-2 gutters-col-v-md-2 gutters-col-v-2\">\n          <!---->\n          <div class=\"h-column h-column-container d-flex h-col-lg-auto h-col-md-auto h-col-auto style-659-outer style-local-645-c4-outer\">\n            <div data-colibri-id=\"645-c4\" class=\"d-flex h-flex-basis h-column__inner h-px-lg-2 h-px-md-2 h-px-2 v-inner-lg-2 v-inner-md-2 v-inner-2 style-659 style-local-645-c4 position-relative\">\n              <!---->\n              <!---->\n              <div class=\"w-100 h-y-container h-column__content h-column__v-align flex-basis-100 align-self-lg-start align-self-md-start align-self-start\">\n                <!---->\n                <div data-colibri-id=\"645-c5\" class=\"h-text h-text-component style-660 style-local-645-c5 position-relative h-element\">\n                  <!---->\n                  <!---->\n                  <div class=\"\">\n                    <p>&nbsp;&nbsp;<\/p>\n                    <p><strong>CYNOFORM propose des stages de formation cynophile et des prestations de s\u00e9curit\u00e9.<\/strong><\/p>\n                    <p>&nbsp;Formation continue des \u00e9quipes ARDE (Aide \u00e0 la Recherche et \u00e0 la D\u00e9tection d&rsquo;Explosifs)<\/p>\n                    <p>Formation initiale d&rsquo;agent cynophile<\/p>\n                    <p>Reprise comportementale<\/p>\n                    <p>Vente de chiens dress\u00e9s<\/p>\n                    <p>Mission de support pour Huissiers de justice<\/p>\n                    <p>Cours pour les bac pro s\u00e9curit\u00e9, option cynophile (\u00e9ducation nationale)<\/p>\n                    <p>Prestation de s\u00e9curit\u00e9 en \u00e9v\u00e9nementiel, industriel, cin\u00e9ma, festivals, en France et \u00e0 l&rsquo; \u00e9tranger\n                      <br>\n                    <\/p>\n                    <p>&nbsp;<\/p>\n                  <\/div>\n                <\/div>\n              <\/div>\n            <\/div>\n          <\/div>\n        <\/div>\n      <\/div>\n      <div data-colibri-id=\"645-c6\" class=\"h-row-container gutters-row-lg-2 gutters-row-md-2 gutters-row-0 gutters-row-v-lg-2 gutters-row-v-md-2 gutters-row-v-2 style-817 style-local-645-c6 position-relative\">\n        <!---->\n        <div class=\"h-row justify-content-lg-center justify-content-md-center justify-content-center align-items-lg-stretch align-items-md-stretch align-items-stretch gutters-col-lg-2 gutters-col-md-2 gutters-col-0 gutters-col-v-lg-2 gutters-col-v-md-2 gutters-col-v-2\">\n          <!---->\n          <div class=\"h-column h-column-container d-flex h-col-lg-auto h-col-md-auto h-col-auto style-818-outer style-local-645-c7-outer\">\n            <div data-colibri-id=\"645-c7\" class=\"d-flex h-flex-basis h-column__inner h-px-lg-2 h-px-md-2 h-px-2 v-inner-lg-2 v-inner-md-2 v-inner-2 style-818 style-local-645-c7 position-relative\">\n              <!---->\n              <!---->\n              <div class=\"w-100 h-y-container h-column__content h-column__v-align flex-basis-100 align-self-lg-start align-self-md-start align-self-start\">\n                <!---->\n                <div data-colibri-id=\"645-c8\" class=\"d-block style-820 style-local-645-c8 position-relative h-element\">\n                  <!---->\n                  <div class=\"h-image__frame-container-outer\">\n                    <div class=\"h-image__frame-container\">\n                      <!---->\n                      <!---->\n                      <img loading=\"lazy\" decoding=\"async\" width=\"2558\" height=\"1707\" src=\"http:\/\/www.cynoform.fr\/wp-content\/uploads\/2023\/02\/cropped-886A3759-scaled-2.jpg\" class=\"wp-image-3630 style-820-image style-local-645-c8-image\" alt=\"\" srcset=\"http:\/\/www.cynoform.fr\/wp-content\/uploads\/2023\/02\/cropped-886A3759-scaled-2.jpg 2558w, http:\/\/www.cynoform.fr\/wp-content\/uploads\/2023\/02\/cropped-886A3759-scaled-2-300x200.jpg 300w, http:\/\/www.cynoform.fr\/wp-content\/uploads\/2023\/02\/cropped-886A3759-scaled-2-1024x683.jpg 1024w, http:\/\/www.cynoform.fr\/wp-content\/uploads\/2023\/02\/cropped-886A3759-scaled-2-768x513.jpg 768w, http:\/\/www.cynoform.fr\/wp-content\/uploads\/2023\/02\/cropped-886A3759-scaled-2-1536x1025.jpg 1536w, http:\/\/www.cynoform.fr\/wp-content\/uploads\/2023\/02\/cropped-886A3759-scaled-2-2048x1367.jpg 2048w\" sizes=\"auto, (max-width: 2558px) 100vw, 2558px\" \/>\n                      <div class=\"h-image__frame h-hide-lg h-hide-md h-hide-sm style-820-frameImage style-local-645-c8-frameImage\"><\/div>\n                    <\/div>\n                  <\/div>\n                <\/div>\n              <\/div>\n            <\/div>\n          <\/div>\n        <\/div>\n      <\/div>\n    <\/div>\n  <\/div>\n  <div data-colibri-component=\"section\" data-colibri-id=\"645-c9\" id=\"custom-2\" class=\"h-section h-section-global-spacing d-flex align-items-lg-center align-items-md-center align-items-center style-666 style-local-645-c9 position-relative\">\n    <!---->\n    <!---->\n    <div class=\"h-section-grid-container h-section-boxed-container\">\n      <!---->\n      <div data-colibri-id=\"645-c10\" class=\"h-row-container gutters-row-lg-2 gutters-row-md-2 gutters-row-0 gutters-row-v-lg-2 gutters-row-v-md-2 gutters-row-v-2 style-667 style-local-645-c10 position-relative\">\n        <!---->\n        <div class=\"h-row justify-content-lg-center justify-content-md-center justify-content-center align-items-lg-stretch align-items-md-stretch align-items-stretch gutters-col-lg-2 gutters-col-md-2 gutters-col-0 gutters-col-v-lg-2 gutters-col-v-md-2 gutters-col-v-2\">\n          <!---->\n          <div class=\"h-column h-column-container d-flex h-col-lg-auto h-col-md-auto h-col-auto style-668-outer style-local-645-c11-outer\">\n            <div data-colibri-id=\"645-c11\" class=\"d-flex h-flex-basis h-column__inner h-px-lg-2 h-px-md-2 h-px-2 v-inner-lg-2 v-inner-md-2 v-inner-2 style-668 style-local-645-c11 position-relative\">\n              <!---->\n              <!---->\n              <div class=\"w-100 h-y-container h-column__content h-column__v-align flex-basis-100 align-self-lg-start align-self-md-start align-self-start\">\n                <!---->\n                <div data-colibri-id=\"645-c12\" class=\"h-text h-text-component style-669 style-local-645-c12 position-relative h-element\">\n                  <!---->\n                  <!---->\n                  <div class=\"\">\n                    <p>Le centre de formation est situ\u00e9 au Vernet Sainte Marguerite, petit village du Puy de D\u00f4me, au c\u0153ur du Parc R\u00e9gional des Volcans d\u2019Auvergne, \u00e0 proximit\u00e9 de nombreux lacs, stations de ski alpin et nordique, de sites remarquables\u2026.<\/p>\n                    <p>&nbsp;<\/p>\n                    <p><em>Possibilit\u00e9s de logements \u00e0 proximit\u00e9 : chambres, g\u00eetes et maisons \u00e0 louer.<\/em><\/p>\n                    <p>\n                      <br>\n                    <\/p>\n                  <\/div>\n                <\/div>\n              <\/div>\n            <\/div>\n          <\/div>\n        <\/div>\n      <\/div>\n    <\/div>\n  <\/div>\n  <div data-colibri-component=\"section\" data-colibri-id=\"645-c13\" id=\"custom-3\" class=\"h-section h-section-global-spacing d-flex align-items-lg-center align-items-md-center align-items-center style-670 style-local-645-c13 position-relative\">\n    <!---->\n    <!---->\n    <div class=\"h-section-grid-container h-section-boxed-container\">\n      <!---->\n      <div data-colibri-id=\"645-c14\" class=\"h-row-container gutters-row-lg-2 gutters-row-md-2 gutters-row-0 gutters-row-v-lg-2 gutters-row-v-md-2 gutters-row-v-2 style-673 style-local-645-c14 position-relative\">\n        <!---->\n        <div class=\"h-row justify-content-lg-center justify-content-md-center justify-content-center align-items-lg-stretch align-items-md-stretch align-items-stretch gutters-col-lg-2 gutters-col-md-2 gutters-col-0 gutters-col-v-lg-2 gutters-col-v-md-2 gutters-col-v-2\">\n          <!---->\n          <div class=\"h-column h-column-container d-flex h-col-lg-auto h-col-md-auto h-col-auto style-674-outer style-local-645-c15-outer\">\n            <div data-colibri-id=\"645-c15\" class=\"d-flex h-flex-basis h-column__inner h-px-lg-2 h-px-md-2 h-px-2 v-inner-lg-2 v-inner-md-2 v-inner-2 style-674 style-local-645-c15 position-relative\">\n              <!---->\n              <!---->\n              <div class=\"w-100 h-y-container h-column__content h-column__v-align flex-basis-100 align-self-lg-start align-self-md-start align-self-start\">\n                <!---->\n                <div data-colibri-id=\"645-c16\" class=\"h-lead h-text h-text-component style-675 style-local-645-c16 position-relative h-element\">\n                  <!---->\n                  <!---->\n                  <div class=\"\">\n                    <p><strong style=\"font-family: Times New Roman; font-size: 10pt;\"><em>Cynoform, Mr Delfolie Nicolas &#8211; 103 rte de Saignes, Le Bourg 63710 Le Vernet Sainte Marguerite <\/em><\/strong><\/p>\n                    <p><strong style=\"font-family: Times New Roman; font-size: 10pt;\"><em>Code APE 8559A \u2013 SIRET 78961839400017 \u2013 n\u00b0 direcct 83 63 04407 63 \u2013 habilitation DDPP 63019FH<\/em><\/strong><\/p>\n                    <p><strong style=\"font-family: Times New Roman; font-size: 10pt;\"><em>&nbsp;&nbsp;&nbsp;&nbsp;&nbsp;&nbsp;&nbsp;&nbsp;&nbsp;Num\u00e9ro autorisation de dirigeant CNAPS&nbsp;: AGD-063-2030-03-18-20250915363.<\/em><\/strong>\n                      <br>\n                      <br>\n                    <\/p>\n                  <\/div>\n                <\/div>\n              <\/div>\n            <\/div>\n          <\/div>\n          <div class=\"h-column h-column-container d-flex h-col-lg-auto h-col-md-auto h-col-auto style-696-outer style-local-645-c17-outer\">\n            <div data-colibri-id=\"645-c17\" class=\"d-flex h-flex-basis h-column__inner h-px-lg-2 h-px-md-2 h-px-2 v-inner-lg-2 v-inner-md-2 v-inner-2 style-696 style-local-645-c17 position-relative\">\n              <!---->\n              <!---->\n              <div class=\"w-100 h-y-container h-column__content h-column__v-align flex-basis-100 align-self-lg-start align-self-md-start align-self-start\">\n                <!---->\n                <div data-colibri-id=\"645-c18\" class=\"h-lead h-text h-text-component style-697 style-local-645-c18 position-relative h-element\">\n                  <!---->\n                  <!---->\n                  <div class=\"\">\n                    <p><strong style=\"font-family: Times New Roman; font-size: 10pt;\"><em>Cynoform S\u00e9curit\u00e9, Mr GATIGNOL JN Christophe &#8211; 103 rte de Saignes, Le Bourg 63710 Le Vernet Sainte Marguerite <\/em><\/strong><\/p>\n                    <p><strong style=\"font-family: Times New Roman; font-size: 10pt;\"><em>Code APE 8010Z \u2013 SIRET 92158762200017 <\/em><\/strong><\/p>\n                    <p><strong style=\"font-family: Times New Roman; font-size: 10pt;\"><em>&nbsp;&nbsp;&nbsp;&nbsp;&nbsp;&nbsp;&nbsp;&nbsp;&nbsp;&nbsp;&nbsp;Num\u00e9ro autorisation d\u2019exercer CNAPS&nbsp;: AUT-063-2122-01-25-20230847964.<\/em><\/strong><\/p>\n                    <p><strong style=\"font-family: Times New Roman; font-size: 10pt;\"><em>Num\u00e9ro autorisation de dirigeant CNAPS&nbsp;: AGD-063-2028-01-25-20230017010.<\/em><\/strong><\/p>\n                  <\/div>\n                <\/div>\n              <\/div>\n            <\/div>\n          <\/div>\n        <\/div>\n      <\/div>\n      <div data-colibri-id=\"645-c19\" class=\"h-row-container gutters-row-lg-2 gutters-row-md-2 gutters-row-0 gutters-row-v-lg-2 gutters-row-v-md-2 gutters-row-v-2 style-682 style-local-645-c19 position-relative\">\n        <!---->\n        <div class=\"h-row justify-content-lg-center justify-content-md-center justify-content-center align-items-lg-stretch align-items-md-stretch align-items-stretch gutters-col-lg-2 gutters-col-md-2 gutters-col-0 gutters-col-v-lg-2 gutters-col-v-md-2 gutters-col-v-2\">\n          <!---->\n          <div class=\"h-column h-column-container d-flex h-col-lg-auto h-col-md-auto h-col-auto style-683-outer style-local-645-c20-outer\">\n            <div data-colibri-id=\"645-c20\" class=\"d-flex h-flex-basis h-column__inner h-ui-empty-state-container h-px-lg-2 h-px-md-2 h-px-2 v-inner-lg-2 v-inner-md-2 v-inner-2 style-683 style-local-645-c20 position-relative\">\n              <!---->\n              <!---->\n              <div class=\"w-100 h-y-container h-column__content h-column__v-align flex-basis-100\">\n                <!---->\n              <\/div>\n            <\/div>\n          <\/div>\n          <div class=\"h-column h-column-container d-flex h-col-lg-auto h-col-md-auto h-col-auto style-996-outer style-local-645-c21-outer\">\n            <div data-colibri-id=\"645-c21\" class=\"d-flex h-flex-basis h-column__inner h-px-lg-2 h-px-md-2 h-px-2 v-inner-lg-2 v-inner-md-2 v-inner-2 style-996 style-local-645-c21 position-relative\">\n              <!---->\n              <!---->\n              <div class=\"w-100 h-y-container h-column__content h-column__v-align flex-basis-100 align-self-lg-start align-self-md-start align-self-start\">\n                <!---->\n                <div data-colibri-id=\"645-c22\" class=\"d-block style-684 style-local-645-c22 position-relative h-element\">\n                  <!---->\n                  <div class=\"h-image__frame-container-outer\">\n                    <div class=\"h-image__frame-container\">\n                      <!---->\n                      <!---->\n                      <img loading=\"lazy\" decoding=\"async\" width=\"862\" height=\"483\" src=\"http:\/\/www.cynoform.fr\/wp-content\/uploads\/2023\/11\/cropped-BV_Certification_SCcuritC-privCe_page-00012.jpg\" class=\"wp-image-4059 style-684-image style-local-645-c22-image\" alt=\"\" srcset=\"http:\/\/www.cynoform.fr\/wp-content\/uploads\/2023\/11\/cropped-BV_Certification_SCcuritC-privCe_page-00012.jpg 862w, http:\/\/www.cynoform.fr\/wp-content\/uploads\/2023\/11\/cropped-BV_Certification_SCcuritC-privCe_page-00012-300x168.jpg 300w, http:\/\/www.cynoform.fr\/wp-content\/uploads\/2023\/11\/cropped-BV_Certification_SCcuritC-privCe_page-00012-768x430.jpg 768w\" sizes=\"auto, (max-width: 862px) 100vw, 862px\" \/>\n                      <div class=\"h-image__frame h-hide-lg h-hide-md h-hide-sm style-684-frameImage style-local-645-c22-frameImage\"><\/div>\n                    <\/div>\n                  <\/div>\n                <\/div>\n              <\/div>\n            <\/div>\n          <\/div>\n          <div class=\"h-column h-column-container d-flex h-col-lg-auto h-col-md-auto h-col-auto style-997-outer style-local-645-c23-outer\">\n            <div data-colibri-id=\"645-c23\" class=\"d-flex h-flex-basis h-column__inner h-ui-empty-state-container h-px-lg-2 h-px-md-2 h-px-2 v-inner-lg-2 v-inner-md-2 v-inner-2 style-997 style-local-645-c23 position-relative\">\n              <!---->\n              <!---->\n              <div class=\"w-100 h-y-container h-column__content h-column__v-align flex-basis-100\">\n                <!---->\n              <\/div>\n            <\/div>\n          <\/div>\n        <\/div>\n      <\/div>\n    <\/div>\n  <\/div>\n  <div data-colibri-component=\"section\" data-colibri-id=\"645-c24\" id=\"custom-4\" class=\"h-section h-section-global-spacing d-flex align-items-lg-start align-items-md-start align-items-start style-698 style-local-645-c24 position-relative\">\n    <!---->\n    <!---->\n    <div class=\"h-section-grid-container h-section-boxed-container\">\n      <!---->\n      <div data-colibri-id=\"645-c25\" class=\"h-row-container gutters-row-lg-0 gutters-row-md-0 gutters-row-0 gutters-row-v-lg-0 gutters-row-v-md-0 gutters-row-v-0 style-699 style-local-645-c25 position-relative\">\n        <!---->\n        <div class=\"h-row justify-content-lg-center justify-content-md-center justify-content-center align-items-lg-stretch align-items-md-stretch align-items-stretch gutters-col-lg-0 gutters-col-md-0 gutters-col-0 gutters-col-v-lg-0 gutters-col-v-md-0 gutters-col-v-0\">\n          <!---->\n          <div class=\"h-column h-column-container d-flex h-col-lg-auto h-col-md-auto h-col-auto style-700-outer style-local-645-c26-outer\">\n            <div data-colibri-id=\"645-c26\" class=\"d-flex h-flex-basis h-column__inner h-px-lg-0 h-px-md-0 h-px-0 v-inner-lg-0 v-inner-md-0 v-inner-0 style-700 style-local-645-c26 position-relative\">\n              <!---->\n              <!---->\n              <div class=\"w-100 h-y-container h-column__content h-column__v-align flex-basis-100 align-self-lg-start align-self-md-start align-self-start\">\n                <!---->\n                <div data-colibri-id=\"645-c27\" class=\"h-row-container gutters-row-lg-0 gutters-row-md-0 gutters-row-0 gutters-row-v-lg-0 gutters-row-v-md-0 gutters-row-v-0 style-701 style-local-645-c27 position-relative\">\n                  <!---->\n                  <div class=\"h-row justify-content-lg-center justify-content-md-center justify-content-center align-items-lg-stretch align-items-md-stretch align-items-stretch gutters-col-lg-0 gutters-col-md-0 gutters-col-0 gutters-col-v-lg-0 gutters-col-v-md-0 gutters-col-v-0\">\n                    <!---->\n                    <div class=\"h-column h-column-container d-flex h-col-lg-auto h-col-md-auto h-col-auto style-702-outer style-local-645-c28-outer\">\n                      <div data-colibri-id=\"645-c28\" class=\"d-flex h-flex-basis h-column__inner h-px-lg-0 h-px-md-0 h-px-0 v-inner-lg-0 v-inner-md-0 v-inner-0 style-702 style-local-645-c28 position-relative\">\n                        <!---->\n                        <!---->\n                        <div class=\"w-100 h-y-container h-column__content h-column__v-align flex-basis-100 align-self-lg-start align-self-md-start align-self-start\">\n                          <!---->\n                          <div data-colibri-id=\"645-c29\" class=\"h-x-container style-704 style-local-645-c29 position-relative h-element\">\n                            <!---->\n                            <div class=\"h-x-container-inner style-dynamic-645-c29-group style-704-spacing style-local-645-c29-spacing\"><span class=\"h-link__outer style-705-outer style-local-645-c30-outer d-inline-flex h-element\"><a h-use-smooth-scroll=\"true\" href=\"http:\/\/www.cynoform.fr\/?page_id=2882\"  data-colibri-id=\"645-c30\" class=\"d-flex w-100 align-items-center h-link style-705 style-local-645-c30 position-relative\"><!----><!----> <span>Mentions l\u00e9gales<\/span><\/a>\n                              <\/span>\n                            <\/div>\n                          <\/div>\n                        <\/div>\n                      <\/div>\n                    <\/div>\n                    <div class=\"h-column h-column-container d-flex h-col-lg-auto h-col-md-auto h-col-auto style-703-outer style-local-645-c31-outer\">\n                      <div data-colibri-id=\"645-c31\" class=\"d-flex h-flex-basis h-column__inner h-px-lg-0 h-px-md-0 h-px-0 v-inner-lg-0 v-inner-md-0 v-inner-0 style-703 style-local-645-c31 position-relative\">\n                        <!---->\n                        <!---->\n                        <div class=\"w-100 h-y-container h-column__content h-column__v-align flex-basis-100 align-self-lg-start align-self-md-start align-self-start\">\n                          <!---->\n                          <div data-colibri-id=\"645-c32\" class=\"h-x-container style-706 style-local-645-c32 position-relative h-element\">\n                            <!---->\n                            <div class=\"h-x-container-inner style-dynamic-645-c32-group style-706-spacing style-local-645-c32-spacing\"><span class=\"h-link__outer style-707-outer style-local-645-c33-outer d-inline-flex h-element\"><a h-use-smooth-scroll=\"true\" href=\"http:\/\/www.cynoform.fr\/?page_id=2884\"  data-colibri-id=\"645-c33\" class=\"d-flex w-100 align-items-center h-link style-707 style-local-645-c33 position-relative\"><!----><!----> <span>Politiques de confidentialit\u00e9<\/span><\/a>\n                              <\/span>\n                            <\/div>\n                          <\/div>\n                        <\/div>\n                      <\/div>\n                    <\/div>\n                    <div class=\"h-column h-column-container d-flex h-col-lg-auto h-col-md-auto h-col-auto style-709-outer style-local-645-c34-outer\">\n                      <div data-colibri-id=\"645-c34\" class=\"d-flex h-flex-basis h-column__inner h-px-lg-0 h-px-md-0 h-px-0 v-inner-lg-0 v-inner-md-0 v-inner-0 style-709 style-local-645-c34 position-relative\">\n                        <!---->\n                        <!---->\n                        <div class=\"w-100 h-y-container h-column__content h-column__v-align flex-basis-100 align-self-lg-start align-self-md-start align-self-start\">\n                          <!---->\n                          <div data-colibri-id=\"645-c35\" class=\"h-x-container style-712 style-local-645-c35 position-relative h-element\">\n                            <!---->\n                            <div class=\"h-x-container-inner style-dynamic-645-c35-group style-712-spacing style-local-645-c35-spacing\"><span class=\"h-link__outer style-713-outer style-local-645-c36-outer d-inline-flex h-element\"><a h-use-smooth-scroll=\"true\" href=\"http:\/\/www.cynoform.fr\/?page_id=2887\"  data-colibri-id=\"645-c36\" class=\"d-flex w-100 align-items-center h-link style-713 style-local-645-c36 position-relative\"><!----><!----> <span>Conditions G\u00e9n\u00e9rales de Vente<\/span><\/a>\n                              <\/span>\n                            <\/div>\n                          <\/div>\n                        <\/div>\n                      <\/div>\n                    <\/div>\n                  <\/div>\n                <\/div>\n              <\/div>\n            <\/div>\n          <\/div>\n        <\/div>\n      <\/div>\n    <\/div>\n  <\/div>\n<\/div>","protected":false},"excerpt":{"rendered":"<p>&nbsp;&nbsp; CYNOFORM propose des stages de formation cynophile et des prestations de s\u00e9curit\u00e9. &nbsp;Formation continue des \u00e9quipes ARDE (Aide \u00e0 la Recherche et \u00e0 la D\u00e9tection d&rsquo;Explosifs) Formation initiale d&rsquo;agent cynophile Reprise comportementale Vente de chiens dress\u00e9s Mission de support pour Huissiers de justice Cours pour les bac pro s\u00e9curit\u00e9, option cynophile (\u00e9ducation nationale) Prestation [&hellip;]<\/p>\n","protected":false},"author":1,"featured_media":0,"parent":0,"menu_order":0,"comment_status":"closed","ping_status":"closed","template":"page-templates\/homepage.php","meta":{"_crdt_document":"","ngg_post_thumbnail":0,"footnotes":""},"class_list":["post-645","page","type-page","status-publish","hentry"],"_links":{"self":[{"href":"http:\/\/www.cynoform.fr\/index.php?rest_route=\/wp\/v2\/pages\/645","targetHints":{"allow":["GET"]}}],"collection":[{"href":"http:\/\/www.cynoform.fr\/index.php?rest_route=\/wp\/v2\/pages"}],"about":[{"href":"http:\/\/www.cynoform.fr\/index.php?rest_route=\/wp\/v2\/types\/page"}],"author":[{"embeddable":true,"href":"http:\/\/www.cynoform.fr\/index.php?rest_route=\/wp\/v2\/users\/1"}],"replies":[{"embeddable":true,"href":"http:\/\/www.cynoform.fr\/index.php?rest_route=%2Fwp%2Fv2%2Fcomments&post=645"}],"version-history":[{"count":20,"href":"http:\/\/www.cynoform.fr\/index.php?rest_route=\/wp\/v2\/pages\/645\/revisions"}],"predecessor-version":[{"id":6329,"href":"http:\/\/www.cynoform.fr\/index.php?rest_route=\/wp\/v2\/pages\/645\/revisions\/6329"}],"wp:attachment":[{"href":"http:\/\/www.cynoform.fr\/index.php?rest_route=%2Fwp%2Fv2%2Fmedia&parent=645"}],"curies":[{"name":"wp","href":"https:\/\/api.w.org\/{rel}","templated":true}]}}